{"id":3,"date":"2020-04-20T16:58:38","date_gmt":"2020-04-20T14:58:38","guid":{"rendered":"http:\/\/localhost\/SitoNew\/?page_id=3"},"modified":"2022-10-12T10:41:52","modified_gmt":"2022-10-12T08:41:52","slug":"privacy-policy","status":"publish","type":"page","link":"https:\/\/olipress.it\/olipress\/privacy-policy","title":{"rendered":"Privacy Policy"},"content":{"rendered":"<h3><strong>INFORMATIVA SUL TRATTAMENTO DEI DATI PERSONALI PER DATI RACCOLTI DA ALTRE FONTI<\/strong><\/h3>\n<p><strong>PER IL TRATTAMENTO:<\/strong><br \/>\n<strong><u>Clienti Marketing &#8211; cookie &#8211; Sito Olipress srl<\/u><\/strong><\/p>\n<p><strong>ai sensi dell&#8217;art. 14 del Regolamento (UE) 679\/2016 relativo alla protezione delle persone fisiche con riguardo al trattamento dei dati personali<\/strong><\/p>\n<p><strong>OLIPRESS SRL<\/strong>\u00a0 (nel seguito la &#8220;Societ\u00e0&#8221; o il &#8220;Titolare&#8221;), con sede legale in <strong>VIA PAPA GIOVANNI XXIII\u00a0 61045 PERGOLA (PU) Italia<\/strong> e P. IVA <strong>02495590412<\/strong>, in qualit\u00e0 di titolare del trattamento, vi informa, ai sensi dell&#8217;art. 13 del Regolamento Europeo 679\/2016 relativo alla protezione dei dati personali (&#8220;GDPR&#8221;), in merito al trattamento dei vostri dati personali che sar\u00e0 effettuato dallo scrivente.<\/p>\n<ol>\n<li><u> Tipologia di dati trattati<\/u><\/li>\n<\/ol>\n<p>La Societ\u00e0 \u00e8 titolare del trattamento dei dati personali comunicati dall&#8217;Utente allo scrivente e comprendono:<\/p>\n<table>\n<tbody>\n<tr>\n<td><strong>Cognome, nome, email<\/strong><\/td>\n<\/tr>\n<tr>\n<td><strong>Ragione Sociale\/Cognome e Nome, Codice Fiscale ed altri numeri di identificazione<\/strong><\/td>\n<\/tr>\n<\/tbody>\n<\/table>\n<ol start=\"2\">\n<li><u> Finalit\u00e0 del trattamento<\/u><\/li>\n<\/ol>\n<p>Il trattamento dei Dati \u00e8 effettuato dalla Societ\u00e0 nello svolgimento delle sue attivit\u00e0. In particolare, i Dati forniti dagli Interessati saranno oggetto di trattamento, con strumenti informatici e non, per le seguenti finalit\u00e0:<\/p>\n<table>\n<tbody>\n<tr>\n<td><strong>Adempimenti commerciali , contabili e fiscali<\/strong><\/p>\n<p>\u2022\u00a0\u00a0\u00a0\u00a0\u00a0\u00a0\u00a0\u00a0 <strong>Il criterio di liceit\u00e0 per il quale si rende possibile il trattamento \u00e8: Il trattamento \u00e8 necessario per adempiere ad un obbligo legale al quale \u00e8 soggetto il titolare del trattamento<\/strong><\/p>\n<p>\u2022\u00a0\u00a0\u00a0\u00a0\u00a0\u00a0\u00a0\u00a0 <strong>Il cui fondamento trova riscontro in una Normativa Di Riferimento: Norma Unione<\/strong><\/td>\n<\/tr>\n<tr>\n<td><strong>Marketing (analisi e indagini di mercato)<\/strong><\/p>\n<p>\u2022\u00a0\u00a0\u00a0\u00a0\u00a0\u00a0\u00a0\u00a0 <strong>Il criterio di liceit\u00e0 per il quale si rende possibile il trattamento \u00e8: L&#8217;interessato deve esprimere il consenso al trattamento dei propri dati personali per la specifica finalit\u00e0<\/strong><\/p>\n<p>\u2022\u00a0\u00a0\u00a0\u00a0\u00a0\u00a0\u00a0\u00a0 <strong>Il cui fondamento trova riscontro in una Normativa Di Riferimento: Norma Unione<\/strong><\/td>\n<\/tr>\n<tr>\n<td><strong>Campagne di Direct Email Marketing<\/strong><\/p>\n<p>\u2022\u00a0\u00a0\u00a0\u00a0\u00a0\u00a0\u00a0\u00a0 <strong>Il criterio di liceit\u00e0 per il quale si rende possibile il trattamento \u00e8: L&#8217;interessato deve esprimere il consenso al trattamento dei propri dati personali per la specifica finalit\u00e0<\/strong><\/p>\n<p>\u2022\u00a0\u00a0\u00a0\u00a0\u00a0\u00a0\u00a0\u00a0 <strong>Il cui fondamento trova riscontro in una Normativa Di Riferimento: Norma Unione<\/strong><\/td>\n<\/tr>\n<tr>\n<td><strong>Informazioni alla clientela di nuovi servizi\/prodotti<\/strong><\/p>\n<p>\u2022\u00a0\u00a0\u00a0\u00a0\u00a0\u00a0\u00a0\u00a0 <strong>Il criterio di liceit\u00e0 per il quale si rende possibile il trattamento \u00e8: L&#8217;interessato deve esprimere il consenso al trattamento dei propri dati personali per la specifica finalit\u00e0<\/strong><\/p>\n<p>\u2022\u00a0\u00a0\u00a0\u00a0\u00a0\u00a0\u00a0\u00a0 <strong>Il cui fondamento trova riscontro in una Normativa Di Riferimento: Norma Unione<\/strong><\/td>\n<\/tr>\n<tr>\n<td><strong>Gestione della clientela<\/strong><\/p>\n<p>\u2022\u00a0\u00a0\u00a0\u00a0\u00a0\u00a0\u00a0\u00a0 <strong>Il criterio di liceit\u00e0 per il quale si rende possibile il trattamento \u00e8: L&#8217;interessato deve esprimere il consenso al trattamento dei propri dati personali per la specifica finalit\u00e0<\/strong><\/p>\n<p>\u2022\u00a0\u00a0\u00a0\u00a0\u00a0\u00a0\u00a0\u00a0 <strong>Il cui fondamento trova riscontro in una Normativa Di Riferimento: Norma Unione<\/strong><\/p>\n<p>\u2022\u00a0\u00a0\u00a0\u00a0\u00a0\u00a0\u00a0\u00a0 <strong>Ulteriori note che possono descrivere la finalit\u00e0: \u00e0: consentire agli utenti la registrazione sul Sito; prestare i servizi disponibili attraverso il Sito (es. gestione della procedura di registrazione e accesso all\u2019account, gestione dell\u2019account); consentire la gestione degli ordini, l&#8217;evasione, la fatturazione e la consegna dei prodotti o servizi ordinati dagli utenti sul Sito; per la gestione tecnica del Sito e delle relative funzioni operative (tra cui la logistica), compresa la risoluzione di qualsiasi problema tecnico, analisi statistica, prova e ricerca; al fine di impedire o prevenire attivit\u00e0 fraudolente o un uso improprio che possa danneggiare il sito o compromettere la sicurezza delle operazioni; conformarsi agli obblighi previsti dalla legge, da un regolamento o dalla normativa comunitaria e per l&#8217;esercizio dei propri diritti in sede giudiziaria. Soddisfare le richieste dell\u2019utente (es. Gestione delle richieste di informazioni); Inviare agli utenti comunicazioni operative connesse alla fornitura del servizio o dei prodotti, all\u2019 assistenza alla vendita o successiva alla vendita.<\/strong><\/td>\n<\/tr>\n<\/tbody>\n<\/table>\n<p>I dati trattati non sono stati raccolti presso l&#8217;interessato<\/p>\n<ol start=\"3\">\n<li><u> Modalit\u00e0 del Trattamento<\/u><\/li>\n<\/ol>\n<p>I Dati saranno trattati dalla Societ\u00e0 con sistemi elettronici e manuali secondo i principi di correttezza, liceit\u00e0 e trasparenza previsti dalla normativa applicabile in materia di protezione dei dati personali e tutelando la riservatezza dell&#8217;Interessato tramite misure di sicurezza tecniche e organizzative per garantire un livello di sicurezza adeguato.<\/p>\n<ol start=\"4\">\n<li><u> Conservazione dei dati<\/u><\/li>\n<\/ol>\n<p>I Dati forniti dall&#8217;Interessato saranno trattati per una durata:<\/p>\n<ul>\n<li><strong>Data inizio: 28\/11\/2018<\/strong><\/li>\n<li><strong>Criterio durata: Periodo prestabilito<\/strong><\/li>\n<li><strong>Durata: 1 Anno\/i<\/strong><\/li>\n<\/ul>\n<p><u>5 Interessati<\/u><\/p>\n<table>\n<tbody>\n<tr>\n<td><strong>Clienti o Utenti<\/strong><\/td>\n<\/tr>\n<tr>\n<td><strong>Potenziali clienti<\/strong><\/td>\n<\/tr>\n<\/tbody>\n<\/table>\n<ol start=\"6\">\n<li><u> Eccezioni Art. 9\/10<\/u><\/li>\n<li><u> Comunicazione, diffusione e trasferimento dei Dati<\/u><\/li>\n<\/ol>\n<p>I Dati saranno trattati, nei limiti di quanto necessario, dal personale autorizzato, adeguatamente istruito e formato, dal Titolare nonch\u00e9 dal personale dei soggetti terzi che prestano servizi al Titolare ed effettuano trattamenti di Dati per conto e su istruzione di quest&#8217;ultimo quali responsabili del trattamento.<br \/>\nIn caso di comunicazione a terzi i destinatari potranno essere:<\/p>\n<p>Categorie:<\/p>\n<table>\n<tbody>\n<tr>\n<td>\u2022\u00a0\u00a0\u00a0\u00a0\u00a0\u00a0\u00a0\u00a0 <strong>Destinatario: Clienti, vettori, spedizionieri, agenti, addetti all&#8217;utilizzo del software, professionisti ai quali ci rivolgiamo per adempiere agli obblighi previsti.\u00a0 <\/strong><\/td>\n<\/tr>\n<\/tbody>\n<\/table>\n<p>Destinatari:<\/p>\n<p><strong>Non sono stati definiti specifici destinatari ai quali I dati potranno essere comunicati<\/strong><\/p>\n<p>Pi\u00f9 in generale, nello svolgimento delle proprie attivit\u00e0 ordinarie aziendali i Dati potranno essere comunicati a soggetti che svolgono attivit\u00e0 di controllo, revisione e certificazione delle attivit\u00e0 poste in essere dal Titolare, consulenti e liberi professionisti nel contesto di servizi di assistenza fiscale, giudiziale e in caso di operazioni societarie per cui si renda necessario valutare gli asset aziendali, enti e amministrazioni pubbliche, nonch\u00e9 a soggetti legittimati per legge a ricevere tali informazioni, autorit\u00e0 giudiziarie italiane e straniere e altre pubbliche autorit\u00e0, per le finalit\u00e0 connesse all&#8217;adempimento di obblighi legali, o per l&#8217;espletamento delle obbligazioni assunte e scaturenti dalla relazione contrattuale, compreso per esigenza di difesa in giudizio.<\/p>\n<p><strong>I dati raccolti non saranno oggetto di trasferimento in paesi extra ue<\/strong><\/p>\n<ol start=\"8\">\n<li><u> Attivit\u00e0 di profilazione e\/o elaborazione automatica<\/u><\/li>\n<\/ol>\n<p><strong>Il trattamento dei suoi dati pu\u00f2 prevedere una attivit\u00e0 di profilazione o di elaborazione automatica, secondo queste caratteristiche: <\/strong><\/p>\n<ul>\n<li><strong>Condizione: Consenso esplicito dell&#8217;interessato<\/strong><\/li>\n<li><strong>Descrizione e logica utilizzata: Comunicare, ottimizzare e servire annunci pubblicitari basati sull&#8217;utilizzo passato del sito da parte dell&#8217;utente<\/strong><\/li>\n<li><strong>Normativa Di Riferimento: Norma Unione<\/strong><\/li>\n<\/ul>\n<p><strong>Nello specifico quindi la informiamo che per l\u2019attivit\u00e0 di profilazione o elaborazione automatica:<\/strong><\/p>\n<p><strong>Il trattamento viene effettuato nel rispetto dei criteri previsti dal regolamento europeo in materia di protezione dei dati personali, Reg. 2016\/679\/UE, in vigore dal 25 maggio 2018 (d\u2019ora in avanti G.D.P.R.). Secondo la normativa indicata, il trattamento deve essere improntato ai principi di correttezza, liceit\u00e0 e trasparenza e di tutela della riservatezza e dei diritti degli interessati. I servizi di profilazione utilizzati dalla societ\u00e0 Olipress srl\u00a0 gli permette di comunicare, ottimizzare e servire annunci pubblicitari basati sull&#8217;utilizzo passato del sito da parte dell&#8217;utente. Questa attivit\u00e0 viene effettuata tramite il tracciamento dei dati di utilizzo e l&#8217;uso di Cookie, informazioni che vengono trasferite ai partner a cui l&#8217;attivit\u00e0 di remarketing e behavioral targeting \u00e8 collegata. Per tale finalit\u00e0 il Regolamento citato prevede che sia necessario il consenso espresso dell&#8217;interessato. Il titolare del trattamento non pu\u00f2, in alcun caso, installare cookie di profilazione senza che l\u2019interessato abbia potuto, tramite un\u2019azione positiva, acconsentire a questa tipologia di trattamento. Per questo motivo se non esprimer\u00e0 il consenso non verr\u00e0 profilato.<\/strong><\/p>\n<ol start=\"9\">\n<li><u> Ulteriori soggetti collegati al trattamento<\/u><\/li>\n<\/ol>\n<p>Titolare\/i ed eventuale\/i rappresentante\/i in UE:<\/p>\n<p><strong>Non \u00e8 previsto un rappresentante in ue per il titolare<\/strong><\/p>\n<p>Contitolare\/i:<\/p>\n<p><strong>Non \u00e8 previsto un contitolare per il\/i trattamento\/i in oggetto<\/strong><\/p>\n<p>Responsabile\/i:<\/p>\n<table>\n<tbody>\n<tr>\n<td>\u2022\u00a0\u00a0\u00a0\u00a0\u00a0\u00a0\u00a0\u00a0 <strong>Nome e Cognome: GIULIANO RIGHI<\/strong><\/p>\n<p>\u2022\u00a0\u00a0\u00a0\u00a0\u00a0\u00a0\u00a0\u00a0 <strong>Codice_fiscale: RGHGLN60D08H958R<\/strong><\/td>\n<\/tr>\n<tr>\n<td>\u2022\u00a0\u00a0\u00a0\u00a0\u00a0\u00a0\u00a0\u00a0 <strong>Ragione sociale: DM CONSULTING<\/strong><\/p>\n<p>\u2022\u00a0\u00a0\u00a0\u00a0\u00a0\u00a0\u00a0\u00a0 <strong>Partita iva: 06974491000<\/strong><\/p>\n<p>\u2022\u00a0\u00a0\u00a0\u00a0\u00a0\u00a0\u00a0\u00a0 <strong>Codice_fiscale: 06974491000<\/strong><\/td>\n<\/tr>\n<\/tbody>\n<\/table>\n<p>Dpo:<\/p>\n<p><strong>Non \u00e8 previsto la nomina di un DPO\/RDP per il\/i trattamento\/i in oggetto<\/strong><\/p>\n<ol start=\"10\">\n<li><u> Quali sono i diritti dell&#8217;Interessato<\/u><\/li>\n<\/ol>\n<p>L&#8217;Interessato potr\u00e0 esercitare, in relazione al trattamento dei dati ivi descritto, i diritti previsti dal GDPR (artt. 15-21), ivi inclusi:<\/p>\n<p>&nbsp;<\/p>\n<ul>\n<li>ricevere conferma dell\u2019esistenza dei Dati e accedere al loro contenuto (diritti di accesso);<\/li>\n<li>aggiornare, modificare e\/o correggere i Dati (diritto di rettifica);<\/li>\n<li>chiederne la cancellazione o la limitazione del trattamento dei Dati trattati in violazione di legge compresi quelli di cui non \u00e8 necessaria la conservazione in relazione agli scopi per i quali i Dati sono stati raccolti o altrimenti trattati (diritto all&#8217;oblio e diritto alla limitazione);<\/li>\n<li>opporsi al trattamento (diritto di opposizione);<\/li>\n<li>proporre reclamo all&#8217;Autorit\u00e0 di controllo (Garante per la protezione dei dati personali www.garanteprivacy.it) in caso di violazione della disciplina in materia di protezione dei dati personali;<\/li>\n<li>ricevere copia in formato elettronico dei Dati che lo riguardano come Interessato, quando tali Dati siano stati resi nel contesto del contratto e chiedere che tali Dati siano trasmessi ad un altro titolare del trattamento (diritto alla portabilit\u00e0 dei dati).<\/li>\n<\/ul>\n<p>&nbsp;<\/p>\n<p>Per esercitare tali diritti l&#8217;Interessato pu\u00f2 contattare il Titolare del trattamento inviando una comunicazione a:<\/p>\n<table>\n<tbody>\n<tr>\n<td>\u2022\u00a0\u00a0\u00a0\u00a0\u00a0\u00a0\u00a0\u00a0 <strong>Tipo contatto: Telefono<\/strong><\/p>\n<p>\u2022\u00a0\u00a0\u00a0\u00a0\u00a0\u00a0\u00a0\u00a0 <strong>Recapito: 0721\/1740810<\/strong><\/td>\n<\/tr>\n<tr>\n<td>\u2022\u00a0\u00a0\u00a0\u00a0\u00a0\u00a0\u00a0\u00a0 <strong>Tipo contatto: E-mail<\/strong><\/p>\n<p>\u2022\u00a0\u00a0\u00a0\u00a0\u00a0\u00a0\u00a0\u00a0 <strong>Recapito: privacy@olipress.srl<\/strong><\/td>\n<\/tr>\n<\/tbody>\n<\/table>\n<p>Nel contattarci, l&#8217;Interessato dovr\u00e0 accertarsi di includere il proprio nome, email\/indirizzo postale e\/o numero\/i di telefono per essere sicuro che la sua richiesta possa essere gestita correttamente.<\/p>\n<p><strong>PERGOLA, 14\/07\/2022<\/strong><\/p>\n","protected":false},"excerpt":{"rendered":"<p>INFORMATIVA SUL TRATTAMENTO DEI DATI PERSONALI PER DATI RACCOLTI DA ALTRE FONTI PER IL TRATTAMENTO: Clienti Marketing &#8211; cookie &#8211; Sito Olipress srl ai sensi dell&#8217;art. 14 del Regolamento (UE) 679\/2016 relativo alla protezione delle persone fisiche con riguardo al trattamento dei dati personali OLIPRESS SRL\u00a0 (nel seguito la &#8220;Societ\u00e0&#8221; o il &#8220;Titolare&#8221;), con sede [&hellip;]<\/p>\n","protected":false},"author":1,"featured_media":0,"parent":0,"menu_order":0,"comment_status":"closed","ping_status":"open","template":"100-width.php","meta":[],"yoast_head":"<!-- This site is optimized with the Yoast SEO plugin v16.8 - https:\/\/yoast.com\/wordpress\/plugins\/seo\/ -->\r\n<title>Privacy Policy - Olipress S.R.L<\/title>\r\n<meta name=\"robots\" content=\"index, follow, max-snippet:-1, max-image-preview:large, max-video-preview:-1\" \/>\r\n<link rel=\"canonical\" href=\"https:\/\/olipress.it\/olipress\/privacy-policy\" \/>\r\n<meta property=\"og:locale\" content=\"it_IT\" \/>\r\n<meta property=\"og:type\" content=\"article\" \/>\r\n<meta property=\"og:title\" content=\"Privacy Policy - Olipress S.R.L\" \/>\r\n<meta property=\"og:description\" content=\"INFORMATIVA SUL TRATTAMENTO DEI DATI PERSONALI PER DATI RACCOLTI DA ALTRE FONTI PER IL TRATTAMENTO: Clienti Marketing &#8211; cookie &#8211; Sito Olipress srl ai sensi dell&#8217;art. 14 del Regolamento (UE) 679\/2016 relativo alla protezione delle persone fisiche con riguardo al trattamento dei dati personali OLIPRESS SRL\u00a0 (nel seguito la &#8220;Societ\u00e0&#8221; o il &#8220;Titolare&#8221;), con sede [&hellip;]\" \/>\r\n<meta property=\"og:url\" content=\"https:\/\/olipress.it\/olipress\/privacy-policy\" \/>\r\n<meta property=\"og:site_name\" content=\"Olipress S.R.L\" \/>\r\n<meta property=\"article:publisher\" content=\"https:\/\/www.facebook.com\/olipress\" \/>\r\n<meta property=\"article:modified_time\" content=\"2022-10-12T08:41:52+00:00\" \/>\r\n<meta name=\"twitter:card\" content=\"summary_large_image\" \/>\r\n<meta name=\"twitter:label1\" content=\"Tempo di lettura stimato\" \/>\n\t<meta name=\"twitter:data1\" content=\"7 minuti\" \/>\r\n<script type=\"application\/ld+json\" class=\"yoast-schema-graph\">{\"@context\":\"https:\/\/schema.org\",\"@graph\":[{\"@type\":\"Organization\",\"@id\":\"https:\/\/olipress.it\/olipress\/#organization\",\"name\":\"Olipress srl\",\"url\":\"https:\/\/olipress.it\/olipress\/\",\"sameAs\":[\"https:\/\/www.facebook.com\/olipress\",\"https:\/\/www.instagram.com\/olipress_pergola\/?hl=it\"],\"logo\":{\"@type\":\"ImageObject\",\"@id\":\"https:\/\/olipress.it\/olipress\/#logo\",\"inLanguage\":\"it-IT\",\"url\":\"http:\/\/www.olipress.it\/SitoNew\/wp-content\/uploads\/2020\/05\/OlipressLogo.jpg\",\"contentUrl\":\"http:\/\/www.olipress.it\/SitoNew\/wp-content\/uploads\/2020\/05\/OlipressLogo.jpg\",\"width\":225,\"height\":225,\"caption\":\"Olipress srl\"},\"image\":{\"@id\":\"https:\/\/olipress.it\/olipress\/#logo\"}},{\"@type\":\"WebSite\",\"@id\":\"https:\/\/olipress.it\/olipress\/#website\",\"url\":\"https:\/\/olipress.it\/olipress\/\",\"name\":\"Olipress S.R.L\",\"description\":\"Azienda Informatica\",\"publisher\":{\"@id\":\"https:\/\/olipress.it\/olipress\/#organization\"},\"potentialAction\":[{\"@type\":\"SearchAction\",\"target\":{\"@type\":\"EntryPoint\",\"urlTemplate\":\"https:\/\/olipress.it\/olipress\/?s={search_term_string}\"},\"query-input\":\"required name=search_term_string\"}],\"inLanguage\":\"it-IT\"},{\"@type\":\"WebPage\",\"@id\":\"https:\/\/olipress.it\/olipress\/privacy-policy#webpage\",\"url\":\"https:\/\/olipress.it\/olipress\/privacy-policy\",\"name\":\"Privacy Policy - Olipress S.R.L\",\"isPartOf\":{\"@id\":\"https:\/\/olipress.it\/olipress\/#website\"},\"datePublished\":\"2020-04-20T14:58:38+00:00\",\"dateModified\":\"2022-10-12T08:41:52+00:00\",\"breadcrumb\":{\"@id\":\"https:\/\/olipress.it\/olipress\/privacy-policy#breadcrumb\"},\"inLanguage\":\"it-IT\",\"potentialAction\":[{\"@type\":\"ReadAction\",\"target\":[\"https:\/\/olipress.it\/olipress\/privacy-policy\"]}]},{\"@type\":\"BreadcrumbList\",\"@id\":\"https:\/\/olipress.it\/olipress\/privacy-policy#breadcrumb\",\"itemListElement\":[{\"@type\":\"ListItem\",\"position\":1,\"name\":\"Home\",\"item\":\"https:\/\/olipress.it\/olipress\/\"},{\"@type\":\"ListItem\",\"position\":2,\"name\":\"Privacy Policy\"}]}]}<\/script>\r\n<!-- \/ Yoast SEO plugin. -->","yoast_head_json":{"title":"Privacy Policy - Olipress S.R.L","robots":{"index":"index","follow":"follow","max-snippet":"max-snippet:-1","max-image-preview":"max-image-preview:large","max-video-preview":"max-video-preview:-1"},"canonical":"https:\/\/olipress.it\/olipress\/privacy-policy","og_locale":"it_IT","og_type":"article","og_title":"Privacy Policy - Olipress S.R.L","og_description":"INFORMATIVA SUL TRATTAMENTO DEI DATI PERSONALI PER DATI RACCOLTI DA ALTRE FONTI PER IL TRATTAMENTO: Clienti Marketing &#8211; cookie &#8211; Sito Olipress srl ai sensi dell&#8217;art. 14 del Regolamento (UE) 679\/2016 relativo alla protezione delle persone fisiche con riguardo al trattamento dei dati personali OLIPRESS SRL\u00a0 (nel seguito la &#8220;Societ\u00e0&#8221; o il &#8220;Titolare&#8221;), con sede [&hellip;]","og_url":"https:\/\/olipress.it\/olipress\/privacy-policy","og_site_name":"Olipress S.R.L","article_publisher":"https:\/\/www.facebook.com\/olipress","article_modified_time":"2022-10-12T08:41:52+00:00","twitter_card":"summary_large_image","twitter_misc":{"Tempo di lettura stimato":"7 minuti"},"schema":{"@context":"https:\/\/schema.org","@graph":[{"@type":"Organization","@id":"https:\/\/olipress.it\/olipress\/#organization","name":"Olipress srl","url":"https:\/\/olipress.it\/olipress\/","sameAs":["https:\/\/www.facebook.com\/olipress","https:\/\/www.instagram.com\/olipress_pergola\/?hl=it"],"logo":{"@type":"ImageObject","@id":"https:\/\/olipress.it\/olipress\/#logo","inLanguage":"it-IT","url":"http:\/\/www.olipress.it\/SitoNew\/wp-content\/uploads\/2020\/05\/OlipressLogo.jpg","contentUrl":"http:\/\/www.olipress.it\/SitoNew\/wp-content\/uploads\/2020\/05\/OlipressLogo.jpg","width":225,"height":225,"caption":"Olipress srl"},"image":{"@id":"https:\/\/olipress.it\/olipress\/#logo"}},{"@type":"WebSite","@id":"https:\/\/olipress.it\/olipress\/#website","url":"https:\/\/olipress.it\/olipress\/","name":"Olipress S.R.L","description":"Azienda Informatica","publisher":{"@id":"https:\/\/olipress.it\/olipress\/#organization"},"potentialAction":[{"@type":"SearchAction","target":{"@type":"EntryPoint","urlTemplate":"https:\/\/olipress.it\/olipress\/?s={search_term_string}"},"query-input":"required name=search_term_string"}],"inLanguage":"it-IT"},{"@type":"WebPage","@id":"https:\/\/olipress.it\/olipress\/privacy-policy#webpage","url":"https:\/\/olipress.it\/olipress\/privacy-policy","name":"Privacy Policy - Olipress S.R.L","isPartOf":{"@id":"https:\/\/olipress.it\/olipress\/#website"},"datePublished":"2020-04-20T14:58:38+00:00","dateModified":"2022-10-12T08:41:52+00:00","breadcrumb":{"@id":"https:\/\/olipress.it\/olipress\/privacy-policy#breadcrumb"},"inLanguage":"it-IT","potentialAction":[{"@type":"ReadAction","target":["https:\/\/olipress.it\/olipress\/privacy-policy"]}]},{"@type":"BreadcrumbList","@id":"https:\/\/olipress.it\/olipress\/privacy-policy#breadcrumb","itemListElement":[{"@type":"ListItem","position":1,"name":"Home","item":"https:\/\/olipress.it\/olipress\/"},{"@type":"ListItem","position":2,"name":"Privacy Policy"}]}]}},"_links":{"self":[{"href":"https:\/\/olipress.it\/olipress\/wp-json\/wp\/v2\/pages\/3"}],"collection":[{"href":"https:\/\/olipress.it\/olipress\/wp-json\/wp\/v2\/pages"}],"about":[{"href":"https:\/\/olipress.it\/olipress\/wp-json\/wp\/v2\/types\/page"}],"author":[{"embeddable":true,"href":"https:\/\/olipress.it\/olipress\/wp-json\/wp\/v2\/users\/1"}],"replies":[{"embeddable":true,"href":"https:\/\/olipress.it\/olipress\/wp-json\/wp\/v2\/comments?post=3"}],"version-history":[{"count":9,"href":"https:\/\/olipress.it\/olipress\/wp-json\/wp\/v2\/pages\/3\/revisions"}],"predecessor-version":[{"id":4568,"href":"https:\/\/olipress.it\/olipress\/wp-json\/wp\/v2\/pages\/3\/revisions\/4568"}],"wp:attachment":[{"href":"https:\/\/olipress.it\/olipress\/wp-json\/wp\/v2\/media?parent=3"}],"curies":[{"name":"wp","href":"https:\/\/api.w.org\/{rel}","templated":true}]}}